{"id":895,"date":"2021-11-12T10:12:09","date_gmt":"2021-11-12T09:12:09","guid":{"rendered":"http:\/\/pmm.hr\/?page_id=895"},"modified":"2022-02-17T12:26:57","modified_gmt":"2022-02-17T11:26:57","slug":"history","status":"publish","type":"page","link":"https:\/\/pmm.hr\/en\/history\/","title":{"rendered":"History"},"content":{"rendered":"<h2><strong>The establishment of the Ornithological Collection \u2013 Rucner\u2019s legacy.<\/strong><\/h2>\n<p><img loading=\"lazy\" decoding=\"async\" class=\"size-full wp-image-481 alignleft\" src=\"http:\/\/pmm.hr\/wp-content\/uploads\/2021\/11\/rucner1.jpg\" alt=\"\" width=\"204\" height=\"246\" \/><\/p>\n<p>In the autumn of 1947, an ornithologist Dragutin Rucner came to the Neretva river valley for the first time and met with the members of the Hunting Club from Metkovi\u0107.<\/p>\n<p>Out of a common love for birds, the idea of \u200b\u200bestablishing an Ornithological Collection was born which would introduce the public to the richness of the birdlife of the lower course of the river. The Hunting Club provided the funds needed for the research on ornithofauna. In return, exhibits were prepared for the collection through taxidermy. Many years of research on the diversity and biology of birds in the lower courses of the Neretva river were conducted during all seasons, from 1948 to 1953. Dragutin Rucner divided the research area into habitats and recorded bird species nesting in each habitat. The Ornithological Collection in Metkovi\u0107 was opened to the public in 1952 in the premises of the Hunting Club, and it consisted of 240 bird exhibits. Rucner published the results of his research in the following works:\u00a0<em>The Birds of the Neretva Valley, New Data on the Knowledge of the Ornithofauna of the Lower Neretva, Complement to the Knowledge of the Ornithofauna of the Lower Neretva, Complement to the Knowledge of the Birds of the Neretva Valley (III),\u00a0<\/em>and<em>\u00a0The Life of the Birds in the Neretva Valley<\/em>. After his first visit in 1947, Dragutin Rucner continued visiting the Neretva valley throughout his life, tied to its birds and people.<\/p>\n<p style=\"text-align: center;\"><img loading=\"lazy\" decoding=\"async\" class=\"aligncenter size-full wp-image-491\" src=\"http:\/\/pmm.hr\/wp-content\/uploads\/2021\/11\/dolina_prije_regulacije.jpg\" alt=\"\" width=\"900\" height=\"700\" srcset=\"https:\/\/pmm.hr\/wp-content\/uploads\/2021\/11\/dolina_prije_regulacije.jpg 900w, https:\/\/pmm.hr\/wp-content\/uploads\/2021\/11\/dolina_prije_regulacije-300x233.jpg 300w, https:\/\/pmm.hr\/wp-content\/uploads\/2021\/11\/dolina_prije_regulacije-768x597.jpg 768w, https:\/\/pmm.hr\/wp-content\/uploads\/2021\/11\/dolina_prije_regulacije-600x467.jpg 600w\" sizes=\"auto, (max-width: 900px) 100vw, 900px\" \/><strong><span style=\"font-size: 11.5pt; font-family: 'Open Sans',sans-serif; color: #777777;\">The map of the Neretva valley in the middle of the XIX. century, before the regulation of the riverbed<\/span><\/strong><\/p>\n<p style=\"text-align: center;\"><strong> <img loading=\"lazy\" decoding=\"async\" class=\"aligncenter size-full wp-image-591\" src=\"http:\/\/pmm.hr\/wp-content\/uploads\/2022\/01\/dolina_1985-2.jpg\" alt=\"\" width=\"900\" height=\"700\" srcset=\"https:\/\/pmm.hr\/wp-content\/uploads\/2022\/01\/dolina_1985-2.jpg 900w, https:\/\/pmm.hr\/wp-content\/uploads\/2022\/01\/dolina_1985-2-300x233.jpg 300w, https:\/\/pmm.hr\/wp-content\/uploads\/2022\/01\/dolina_1985-2-768x597.jpg 768w, https:\/\/pmm.hr\/wp-content\/uploads\/2022\/01\/dolina_1985-2-600x467.jpg 600w\" sizes=\"auto, (max-width: 900px) 100vw, 900px\" \/><span style=\"font-size: 11.5pt; font-family: 'Open Sans',sans-serif; color: #777777;\">A satellite image of the Neretva valley in 1988<\/span><\/strong><\/p>\n<p style=\"text-align: center;\"><strong><img loading=\"lazy\" decoding=\"async\" class=\"aligncenter size-full wp-image-589\" src=\"http:\/\/pmm.hr\/wp-content\/uploads\/2022\/01\/dolina_2022-2.jpg\" alt=\"\" width=\"900\" height=\"700\" srcset=\"https:\/\/pmm.hr\/wp-content\/uploads\/2022\/01\/dolina_2022-2.jpg 900w, https:\/\/pmm.hr\/wp-content\/uploads\/2022\/01\/dolina_2022-2-300x233.jpg 300w, https:\/\/pmm.hr\/wp-content\/uploads\/2022\/01\/dolina_2022-2-768x597.jpg 768w, https:\/\/pmm.hr\/wp-content\/uploads\/2022\/01\/dolina_2022-2-600x467.jpg 600w\" sizes=\"auto, (max-width: 900px) 100vw, 900px\" \/><span style=\"font-size: 11.5pt; font-family: 'Open Sans',sans-serif; color: #777777;\">A satellite image of the Neretva valley in 2022, showing a new agricultural area in the wetland<\/span><\/strong><\/p>\n<p style=\"text-align: center;\"><img loading=\"lazy\" decoding=\"async\" class=\"aligncenter size-full wp-image-582\" src=\"http:\/\/pmm.hr\/wp-content\/uploads\/2022\/01\/dolina_1985_detalj.jpg\" alt=\"\" width=\"900\" height=\"700\" srcset=\"https:\/\/pmm.hr\/wp-content\/uploads\/2022\/01\/dolina_1985_detalj.jpg 900w, https:\/\/pmm.hr\/wp-content\/uploads\/2022\/01\/dolina_1985_detalj-300x233.jpg 300w, https:\/\/pmm.hr\/wp-content\/uploads\/2022\/01\/dolina_1985_detalj-768x597.jpg 768w, https:\/\/pmm.hr\/wp-content\/uploads\/2022\/01\/dolina_1985_detalj-600x467.jpg 600w\" sizes=\"auto, (max-width: 900px) 100vw, 900px\" \/><strong><span style=\"font-size: 11.5pt; font-family: 'Open Sans',sans-serif; color: #777777;\">The aerial view of Metkovi\u0107 in the 1960s<\/span><\/strong><\/p>\n<p style=\"text-align: center;\"><img loading=\"lazy\" decoding=\"async\" class=\"aligncenter size-full wp-image-583\" src=\"http:\/\/pmm.hr\/wp-content\/uploads\/2022\/01\/dolina_2022_detalj.jpg\" alt=\"\" width=\"900\" height=\"700\" srcset=\"https:\/\/pmm.hr\/wp-content\/uploads\/2022\/01\/dolina_2022_detalj.jpg 900w, https:\/\/pmm.hr\/wp-content\/uploads\/2022\/01\/dolina_2022_detalj-300x233.jpg 300w, https:\/\/pmm.hr\/wp-content\/uploads\/2022\/01\/dolina_2022_detalj-768x597.jpg 768w, https:\/\/pmm.hr\/wp-content\/uploads\/2022\/01\/dolina_2022_detalj-600x467.jpg 600w\" sizes=\"auto, (max-width: 900px) 100vw, 900px\" \/><strong>Detalj istoga podru\u010dja iz 2022., na kojemu se vide nove poljoprivredne povr\u0161ine<\/strong><\/p>\n<p style=\"text-align: center;\"><img loading=\"lazy\" decoding=\"async\" class=\"aligncenter wp-image-487\" src=\"http:\/\/pmm.hr\/wp-content\/uploads\/2021\/11\/Metkovic60.jpg\" alt=\"\" width=\"901\" height=\"601\" srcset=\"https:\/\/pmm.hr\/wp-content\/uploads\/2021\/11\/Metkovic60.jpg 580w, https:\/\/pmm.hr\/wp-content\/uploads\/2021\/11\/Metkovic60-300x200.jpg 300w\" sizes=\"auto, (max-width: 901px) 100vw, 901px\" \/><strong>Zra\u010dna snimka Metkovi\u0107a \u0161ezdesetih godina XX. st.<\/strong><\/p>\n<p style=\"text-align: center;\"><img loading=\"lazy\" decoding=\"async\" class=\"aligncenter size-full wp-image-584\" src=\"http:\/\/pmm.hr\/wp-content\/uploads\/2022\/01\/Metkovic_s_Rujnice_2008.jpg\" alt=\"\" width=\"900\" height=\"700\" srcset=\"https:\/\/pmm.hr\/wp-content\/uploads\/2022\/01\/Metkovic_s_Rujnice_2008.jpg 900w, https:\/\/pmm.hr\/wp-content\/uploads\/2022\/01\/Metkovic_s_Rujnice_2008-300x233.jpg 300w, https:\/\/pmm.hr\/wp-content\/uploads\/2022\/01\/Metkovic_s_Rujnice_2008-768x597.jpg 768w, https:\/\/pmm.hr\/wp-content\/uploads\/2022\/01\/Metkovic_s_Rujnice_2008-600x467.jpg 600w\" sizes=\"auto, (max-width: 900px) 100vw, 900px\" \/><strong>Pogled na Metkovi\u0107 s Male Rujnice 2008.<\/strong><\/p>\n<p style=\"text-align: center;\"><img loading=\"lazy\" decoding=\"async\" class=\"aligncenter wp-image-483\" src=\"http:\/\/pmm.hr\/wp-content\/uploads\/2021\/11\/povijest2.jpg\" alt=\"\" width=\"900\" height=\"601\" srcset=\"https:\/\/pmm.hr\/wp-content\/uploads\/2021\/11\/povijest2.jpg 580w, https:\/\/pmm.hr\/wp-content\/uploads\/2021\/11\/povijest2-300x200.jpg 300w\" sizes=\"auto, (max-width: 900px) 100vw, 900px\" \/><strong><span style=\"font-size: 11.5pt; font-family: 'Open Sans',sans-serif; color: #777777;\">A detail from the former Metkovi\u0107 Ornithological Collection exhibition<\/span><\/strong><\/p>\n<p style=\"text-align: center;\"><img loading=\"lazy\" decoding=\"async\" class=\"aligncenter wp-image-488\" src=\"http:\/\/pmm.hr\/wp-content\/uploads\/2021\/11\/povijest1.jpg\" alt=\"\" width=\"900\" height=\"601\" srcset=\"https:\/\/pmm.hr\/wp-content\/uploads\/2021\/11\/povijest1.jpg 580w, https:\/\/pmm.hr\/wp-content\/uploads\/2021\/11\/povijest1-300x200.jpg 300w\" sizes=\"auto, (max-width: 900px) 100vw, 900px\" \/><strong><span style=\"font-size: 11.5pt; font-family: 'Open Sans',sans-serif; color: #777777;\">A detail from the former Metkovi\u0107 Ornithological Collection exhibition<\/span><\/strong><\/p>\n<p>&nbsp;<\/p>\n","protected":false},"excerpt":{"rendered":"<p>The establishment of the Ornithological Collection \u2013 Rucner\u2019s legacy. In the autumn of 1947, an ornithologist Dragutin Rucner came to the Neretva river valley for the first time and met with the members of the Hunting Club from Metkovi\u0107. Out of a common love for birds, the idea of \u200b\u200bestablishing an Ornithological Collection was born<\/p>\n","protected":false},"author":2,"featured_media":0,"parent":0,"menu_order":0,"comment_status":"closed","ping_status":"closed","template":"","meta":{"footnotes":""},"class_list":["post-895","page","type-page","status-publish","hentry"],"yoast_head":"<!-- This site is optimized with the Yoast SEO plugin v20.10 - https:\/\/yoast.com\/wordpress\/plugins\/seo\/ -->\n<title>History - Prirodoslovni muzej Metkovi\u0107<\/title>\n<meta name=\"robots\" content=\"index, follow, max-snippet:-1, max-image-preview:large, max-video-preview:-1\" \/>\n<link rel=\"canonical\" href=\"http:\/\/pmm.hr\/en\/history\/\" \/>\n<meta property=\"og:locale\" content=\"en_US\" \/>\n<meta property=\"og:type\" content=\"article\" \/>\n<meta property=\"og:title\" content=\"History - Prirodoslovni muzej Metkovi\u0107\" \/>\n<meta property=\"og:description\" content=\"The establishment of the Ornithological Collection \u2013 Rucner\u2019s legacy. In the autumn of 1947, an ornithologist Dragutin Rucner came to the Neretva river valley for the first time and met with the members of the Hunting Club from Metkovi\u0107. Out of a common love for birds, the idea of \u200b\u200bestablishing an Ornithological Collection was born\" \/>\n<meta property=\"og:url\" content=\"http:\/\/pmm.hr\/en\/history\/\" \/>\n<meta property=\"og:site_name\" content=\"Prirodoslovni muzej Metkovi\u0107\" \/>\n<meta property=\"article:publisher\" content=\"https:\/\/www.facebook.com\/pages\/category\/Reference-Website\/Prirodoslovni-muzej-Metkovi-100150992226244\/\" \/>\n<meta property=\"article:modified_time\" content=\"2022-02-17T11:26:57+00:00\" \/>\n<meta property=\"og:image\" content=\"http:\/\/pmm.hr\/wp-content\/uploads\/2021\/11\/rucner1.jpg\" \/>\n<meta name=\"twitter:card\" content=\"summary_large_image\" \/>\n<meta name=\"twitter:label1\" content=\"Est. reading time\" \/>\n\t<meta name=\"twitter:data1\" content=\"2 minutes\" \/>\n<script type=\"application\/ld+json\" class=\"yoast-schema-graph\">{\"@context\":\"https:\/\/schema.org\",\"@graph\":[{\"@type\":\"WebPage\",\"@id\":\"http:\/\/pmm.hr\/en\/history\/\",\"url\":\"http:\/\/pmm.hr\/en\/history\/\",\"name\":\"History - Prirodoslovni muzej Metkovi\u0107\",\"isPartOf\":{\"@id\":\"http:\/\/pmm.hr\/en\/#website\"},\"datePublished\":\"2021-11-12T09:12:09+00:00\",\"dateModified\":\"2022-02-17T11:26:57+00:00\",\"breadcrumb\":{\"@id\":\"http:\/\/pmm.hr\/en\/history\/#breadcrumb\"},\"inLanguage\":\"en-US\",\"potentialAction\":[{\"@type\":\"ReadAction\",\"target\":[\"http:\/\/pmm.hr\/en\/history\/\"]}]},{\"@type\":\"BreadcrumbList\",\"@id\":\"http:\/\/pmm.hr\/en\/history\/#breadcrumb\",\"itemListElement\":[{\"@type\":\"ListItem\",\"position\":1,\"name\":\"Po\u010detna stranica\",\"item\":\"http:\/\/pmm.hr\/en\/\"},{\"@type\":\"ListItem\",\"position\":2,\"name\":\"History\"}]},{\"@type\":\"WebSite\",\"@id\":\"http:\/\/pmm.hr\/en\/#website\",\"url\":\"http:\/\/pmm.hr\/en\/\",\"name\":\"Prirodoslovni muzej Metkovi\u0107\",\"description\":\"Natrural History Museum Metkovi\u0107\",\"publisher\":{\"@id\":\"http:\/\/pmm.hr\/en\/#organization\"},\"potentialAction\":[{\"@type\":\"SearchAction\",\"target\":{\"@type\":\"EntryPoint\",\"urlTemplate\":\"http:\/\/pmm.hr\/en\/?s={search_term_string}\"},\"query-input\":\"required name=search_term_string\"}],\"inLanguage\":\"en-US\"},{\"@type\":\"Organization\",\"@id\":\"http:\/\/pmm.hr\/en\/#organization\",\"name\":\"Prirodoslovni muzej Metkovi\u0107\",\"url\":\"http:\/\/pmm.hr\/en\/\",\"logo\":{\"@type\":\"ImageObject\",\"inLanguage\":\"en-US\",\"@id\":\"http:\/\/pmm.hr\/en\/#\/schema\/logo\/image\/\",\"url\":\"http:\/\/pmm.hr\/wp-content\/uploads\/2021\/04\/cropped-Logo-vodomar.jpg\",\"contentUrl\":\"http:\/\/pmm.hr\/wp-content\/uploads\/2021\/04\/cropped-Logo-vodomar.jpg\",\"width\":512,\"height\":512,\"caption\":\"Prirodoslovni muzej Metkovi\u0107\"},\"image\":{\"@id\":\"http:\/\/pmm.hr\/en\/#\/schema\/logo\/image\/\"},\"sameAs\":[\"https:\/\/www.facebook.com\/pages\/category\/Reference-Website\/Prirodoslovni-muzej-Metkovi-100150992226244\/\"]}]}<\/script>\n<!-- \/ Yoast SEO plugin. -->","yoast_head_json":{"title":"History - Prirodoslovni muzej Metkovi\u0107","robots":{"index":"index","follow":"follow","max-snippet":"max-snippet:-1","max-image-preview":"max-image-preview:large","max-video-preview":"max-video-preview:-1"},"canonical":"http:\/\/pmm.hr\/en\/history\/","og_locale":"en_US","og_type":"article","og_title":"History - Prirodoslovni muzej Metkovi\u0107","og_description":"The establishment of the Ornithological Collection \u2013 Rucner\u2019s legacy. In the autumn of 1947, an ornithologist Dragutin Rucner came to the Neretva river valley for the first time and met with the members of the Hunting Club from Metkovi\u0107. Out of a common love for birds, the idea of \u200b\u200bestablishing an Ornithological Collection was born","og_url":"http:\/\/pmm.hr\/en\/history\/","og_site_name":"Prirodoslovni muzej Metkovi\u0107","article_publisher":"https:\/\/www.facebook.com\/pages\/category\/Reference-Website\/Prirodoslovni-muzej-Metkovi-100150992226244\/","article_modified_time":"2022-02-17T11:26:57+00:00","og_image":[{"url":"http:\/\/pmm.hr\/wp-content\/uploads\/2021\/11\/rucner1.jpg"}],"twitter_card":"summary_large_image","twitter_misc":{"Est. reading time":"2 minutes"},"schema":{"@context":"https:\/\/schema.org","@graph":[{"@type":"WebPage","@id":"http:\/\/pmm.hr\/en\/history\/","url":"http:\/\/pmm.hr\/en\/history\/","name":"History - Prirodoslovni muzej Metkovi\u0107","isPartOf":{"@id":"http:\/\/pmm.hr\/en\/#website"},"datePublished":"2021-11-12T09:12:09+00:00","dateModified":"2022-02-17T11:26:57+00:00","breadcrumb":{"@id":"http:\/\/pmm.hr\/en\/history\/#breadcrumb"},"inLanguage":"en-US","potentialAction":[{"@type":"ReadAction","target":["http:\/\/pmm.hr\/en\/history\/"]}]},{"@type":"BreadcrumbList","@id":"http:\/\/pmm.hr\/en\/history\/#breadcrumb","itemListElement":[{"@type":"ListItem","position":1,"name":"Po\u010detna stranica","item":"http:\/\/pmm.hr\/en\/"},{"@type":"ListItem","position":2,"name":"History"}]},{"@type":"WebSite","@id":"http:\/\/pmm.hr\/en\/#website","url":"http:\/\/pmm.hr\/en\/","name":"Prirodoslovni muzej Metkovi\u0107","description":"Natrural History Museum Metkovi\u0107","publisher":{"@id":"http:\/\/pmm.hr\/en\/#organization"},"potentialAction":[{"@type":"SearchAction","target":{"@type":"EntryPoint","urlTemplate":"http:\/\/pmm.hr\/en\/?s={search_term_string}"},"query-input":"required name=search_term_string"}],"inLanguage":"en-US"},{"@type":"Organization","@id":"http:\/\/pmm.hr\/en\/#organization","name":"Prirodoslovni muzej Metkovi\u0107","url":"http:\/\/pmm.hr\/en\/","logo":{"@type":"ImageObject","inLanguage":"en-US","@id":"http:\/\/pmm.hr\/en\/#\/schema\/logo\/image\/","url":"http:\/\/pmm.hr\/wp-content\/uploads\/2021\/04\/cropped-Logo-vodomar.jpg","contentUrl":"http:\/\/pmm.hr\/wp-content\/uploads\/2021\/04\/cropped-Logo-vodomar.jpg","width":512,"height":512,"caption":"Prirodoslovni muzej Metkovi\u0107"},"image":{"@id":"http:\/\/pmm.hr\/en\/#\/schema\/logo\/image\/"},"sameAs":["https:\/\/www.facebook.com\/pages\/category\/Reference-Website\/Prirodoslovni-muzej-Metkovi-100150992226244\/"]}]}},"_links":{"self":[{"href":"https:\/\/pmm.hr\/en\/wp-json\/wp\/v2\/pages\/895","targetHints":{"allow":["GET"]}}],"collection":[{"href":"https:\/\/pmm.hr\/en\/wp-json\/wp\/v2\/pages"}],"about":[{"href":"https:\/\/pmm.hr\/en\/wp-json\/wp\/v2\/types\/page"}],"author":[{"embeddable":true,"href":"https:\/\/pmm.hr\/en\/wp-json\/wp\/v2\/users\/2"}],"replies":[{"embeddable":true,"href":"https:\/\/pmm.hr\/en\/wp-json\/wp\/v2\/comments?post=895"}],"version-history":[{"count":1,"href":"https:\/\/pmm.hr\/en\/wp-json\/wp\/v2\/pages\/895\/revisions"}],"predecessor-version":[{"id":896,"href":"https:\/\/pmm.hr\/en\/wp-json\/wp\/v2\/pages\/895\/revisions\/896"}],"wp:attachment":[{"href":"https:\/\/pmm.hr\/en\/wp-json\/wp\/v2\/media?parent=895"}],"curies":[{"name":"wp","href":"https:\/\/api.w.org\/{rel}","templated":true}]}}